{"id":597,"date":"2024-08-22T20:52:40","date_gmt":"2024-08-22T18:52:40","guid":{"rendered":"https:\/\/dlshost.eu\/?page_id=597"},"modified":"2025-09-14T17:52:08","modified_gmt":"2025-09-14T15:52:08","slug":"uselfull-things","status":"publish","type":"page","link":"https:\/\/dlshost.eu\/en\/uselfull-things\/","title":{"rendered":"Uselfull things"},"content":{"rendered":"<div data-elementor-type=\"wp-page\" data-elementor-id=\"597\" class=\"elementor elementor-597\">\n\t\t\t\t\t\t<section class=\"elementor-section elementor-top-section elementor-element elementor-element-5864d7b elementor-section-boxed elementor-section-height-default elementor-section-height-default\" data-id=\"5864d7b\" data-element_type=\"section\" data-e-type=\"section\">\n\t\t\t\t\t\t<div class=\"elementor-container elementor-column-gap-default\">\n\t\t\t\t\t<div class=\"elementor-column elementor-col-100 elementor-top-column elementor-element elementor-element-6bce829\" data-id=\"6bce829\" data-element_type=\"column\" data-e-type=\"column\">\n\t\t\t<div class=\"elementor-widget-wrap elementor-element-populated\">\n\t\t\t\t\t\t<div class=\"elementor-element elementor-element-96352a2 elementor-widget elementor-widget-heading\" data-id=\"96352a2\" data-element_type=\"widget\" data-e-type=\"widget\" data-widget_type=\"heading.default\">\n\t\t\t\t<div class=\"elementor-widget-container\">\n\t\t\t\t\t<h1 class=\"elementor-heading-title elementor-size-default\">Useful things<\/h1>\t\t\t\t<\/div>\n\t\t\t\t<\/div>\n\t\t\t\t\t<\/div>\n\t\t<\/div>\n\t\t\t\t\t<\/div>\n\t\t<\/section>\n\t\t\t\t<section class=\"elementor-section elementor-top-section elementor-element elementor-element-4b1850d elementor-section-boxed elementor-section-height-default elementor-section-height-default\" data-id=\"4b1850d\" data-element_type=\"section\" data-e-type=\"section\">\n\t\t\t\t\t\t<div class=\"elementor-container elementor-column-gap-default\">\n\t\t\t\t\t<div class=\"elementor-column elementor-col-100 elementor-top-column elementor-element elementor-element-807c0ae\" data-id=\"807c0ae\" data-element_type=\"column\" data-e-type=\"column\">\n\t\t\t<div class=\"elementor-widget-wrap\">\n\t\t\t\t\t\t\t<\/div>\n\t\t<\/div>\n\t\t\t\t\t<\/div>\n\t\t<\/section>\n\t\t\t\t<section class=\"elementor-section elementor-top-section elementor-element elementor-element-11affcd elementor-section-boxed elementor-section-height-default elementor-section-height-default\" data-id=\"11affcd\" data-element_type=\"section\" data-e-type=\"section\">\n\t\t\t\t\t\t<div class=\"elementor-container elementor-column-gap-default\">\n\t\t\t\t\t<div class=\"elementor-column elementor-col-100 elementor-top-column elementor-element elementor-element-ca9bd69\" data-id=\"ca9bd69\" data-element_type=\"column\" data-e-type=\"column\">\n\t\t\t<div class=\"elementor-widget-wrap elementor-element-populated\">\n\t\t\t\t\t\t<div class=\"elementor-element elementor-element-6818535 elementor-widget elementor-widget-heading\" data-id=\"6818535\" data-element_type=\"widget\" data-e-type=\"widget\" data-widget_type=\"heading.default\">\n\t\t\t\t<div class=\"elementor-widget-container\">\n\t\t\t\t\t<h2 class=\"elementor-heading-title elementor-size-default\"><a href=\"https:\/\/dlshost.eu\/en\/uselfull-things\/rettungsdose-im-kuhlschrank\/\" target=\"_blank\">Rescue box in the fridge<\/a><\/h2>\t\t\t\t<\/div>\n\t\t\t\t<\/div>\n\t\t\t\t<div class=\"elementor-element elementor-element-0d6e779 elementor-widget elementor-widget-heading\" data-id=\"0d6e779\" data-element_type=\"widget\" data-e-type=\"widget\" data-widget_type=\"heading.default\">\n\t\t\t\t<div class=\"elementor-widget-container\">\n\t\t\t\t\t<h2 class=\"elementor-heading-title elementor-size-default\"><a href=\"https:\/\/dlshost.eu\/en\/uselfull-things\/migrate-cloud-services\/\">I loved Google, Microsoft, AWS and - goodbye<\/a><\/h2>\t\t\t\t<\/div>\n\t\t\t\t<\/div>\n\t\t\t\t<div class=\"elementor-element elementor-element-8b8b2d6 elementor-widget elementor-widget-heading\" data-id=\"8b8b2d6\" data-element_type=\"widget\" data-e-type=\"widget\" data-widget_type=\"heading.default\">\n\t\t\t\t<div class=\"elementor-widget-container\">\n\t\t\t\t\t<h2 class=\"elementor-heading-title elementor-size-default\"><a href=\"https:\/\/dlshost.eu\/en\/uselfull-things\/guest-room\/\" target=\"_blank\">Guest Room<\/a><\/h2>\t\t\t\t<\/div>\n\t\t\t\t<\/div>\n\t\t\t\t\t<\/div>\n\t\t<\/div>\n\t\t\t\t\t<\/div>\n\t\t<\/section>\n\t\t\t\t<\/div>","protected":false},"excerpt":{"rendered":"<p>Useful things Rescue box in the fridge I loved Google, Microsoft, AWS and - Bye bye Guest Room<\/p>","protected":false},"author":3,"featured_media":0,"parent":0,"menu_order":0,"comment_status":"closed","ping_status":"closed","template":"","meta":{"_price":"","_stock":"","_tribe_ticket_header":"","_tribe_default_ticket_provider":"","_tribe_ticket_capacity":"0","_ticket_start_date":"","_ticket_end_date":"","_tribe_ticket_show_description":"","_tribe_ticket_show_not_going":false,"_tribe_ticket_use_global_stock":"","_tribe_ticket_global_stock_level":"","_global_stock_mode":"","_global_stock_cap":"","_tribe_rsvp_for_event":"","_tribe_ticket_going_count":"","_tribe_ticket_not_going_count":"","_tribe_tickets_list":"[]","_tribe_ticket_has_attendee_info_fields":false,"footnotes":"","_tec_slr_enabled":"","_tec_slr_layout":""},"class_list":["post-597","page","type-page","status-publish","hentry"],"yoast_head":"<!-- This site is optimized with the Yoast SEO plugin v27.3 - https:\/\/yoast.com\/product\/yoast-seo-wordpress\/ -->\n<title>Uselfull things - DLS Hospitality Services<\/title>\n<meta name=\"robots\" content=\"index, follow, max-snippet:-1, max-image-preview:large, max-video-preview:-1\" \/>\n<link rel=\"canonical\" href=\"https:\/\/dlshost.eu\/en\/uselfull-things\/\" \/>\n<meta property=\"og:locale\" content=\"en_US\" \/>\n<meta property=\"og:type\" content=\"article\" \/>\n<meta property=\"og:title\" content=\"Uselfull things - DLS Hospitality Services\" \/>\n<meta property=\"og:description\" content=\"N\u00fctzliche Dinge Rettungsdose im K\u00fchlschrank Ich liebte Google, Microsoft, AWS und &#8211; Tsch\u00fcss Guest Room\" \/>\n<meta property=\"og:url\" content=\"https:\/\/dlshost.eu\/en\/uselfull-things\/\" \/>\n<meta property=\"og:site_name\" content=\"DLS Hospitality Services\" \/>\n<meta property=\"article:modified_time\" content=\"2025-09-14T15:52:08+00:00\" \/>\n<meta name=\"twitter:card\" content=\"summary_large_image\" \/>\n<meta name=\"twitter:label1\" content=\"Est. reading time\" \/>\n\t<meta name=\"twitter:data1\" content=\"1 minute\" \/>\n<script type=\"application\/ld+json\" class=\"yoast-schema-graph\">{\"@context\":\"https:\\\/\\\/schema.org\",\"@graph\":[{\"@type\":\"WebPage\",\"@id\":\"https:\\\/\\\/dlshost.eu\\\/de\\\/uselfull-things\\\/\",\"url\":\"https:\\\/\\\/dlshost.eu\\\/de\\\/uselfull-things\\\/\",\"name\":\"Uselfull things - DLS Hospitality Services\",\"isPartOf\":{\"@id\":\"https:\\\/\\\/dlshost.eu\\\/de\\\/#website\"},\"datePublished\":\"2024-08-22T18:52:40+00:00\",\"dateModified\":\"2025-09-14T15:52:08+00:00\",\"breadcrumb\":{\"@id\":\"https:\\\/\\\/dlshost.eu\\\/de\\\/uselfull-things\\\/#breadcrumb\"},\"inLanguage\":\"en-US\",\"potentialAction\":[{\"@type\":\"ReadAction\",\"target\":[\"https:\\\/\\\/dlshost.eu\\\/de\\\/uselfull-things\\\/\"]}]},{\"@type\":\"BreadcrumbList\",\"@id\":\"https:\\\/\\\/dlshost.eu\\\/de\\\/uselfull-things\\\/#breadcrumb\",\"itemListElement\":[{\"@type\":\"ListItem\",\"position\":1,\"name\":\"Home\",\"item\":\"https:\\\/\\\/dlshost.eu\\\/\"},{\"@type\":\"ListItem\",\"position\":2,\"name\":\"Uselfull things\"}]},{\"@type\":\"WebSite\",\"@id\":\"https:\\\/\\\/dlshost.eu\\\/de\\\/#website\",\"url\":\"https:\\\/\\\/dlshost.eu\\\/de\\\/\",\"name\":\"DLS Hospitality Services\",\"description\":\"Global Hospitality Consulting Services\",\"publisher\":{\"@id\":\"https:\\\/\\\/dlshost.eu\\\/de\\\/#organization\"},\"potentialAction\":[{\"@type\":\"SearchAction\",\"target\":{\"@type\":\"EntryPoint\",\"urlTemplate\":\"https:\\\/\\\/dlshost.eu\\\/de\\\/?s={search_term_string}\"},\"query-input\":{\"@type\":\"PropertyValueSpecification\",\"valueRequired\":true,\"valueName\":\"search_term_string\"}}],\"inLanguage\":\"en-US\"},{\"@type\":\"Organization\",\"@id\":\"https:\\\/\\\/dlshost.eu\\\/de\\\/#organization\",\"name\":\"DLS Hospitality Services\",\"url\":\"https:\\\/\\\/dlshost.eu\\\/de\\\/\",\"logo\":{\"@type\":\"ImageObject\",\"inLanguage\":\"en-US\",\"@id\":\"https:\\\/\\\/dlshost.eu\\\/de\\\/#\\\/schema\\\/logo\\\/image\\\/\",\"url\":\"https:\\\/\\\/dlshost.eu\\\/wp-content\\\/uploads\\\/2023\\\/04\\\/motto.jpg\",\"contentUrl\":\"https:\\\/\\\/dlshost.eu\\\/wp-content\\\/uploads\\\/2023\\\/04\\\/motto.jpg\",\"width\":640,\"height\":425,\"caption\":\"DLS Hospitality Services\"},\"image\":{\"@id\":\"https:\\\/\\\/dlshost.eu\\\/de\\\/#\\\/schema\\\/logo\\\/image\\\/\"}}]}<\/script>\n<!-- \/ Yoast SEO plugin. -->","yoast_head_json":{"title":"Uselfull things - DLS Hospitality Services","robots":{"index":"index","follow":"follow","max-snippet":"max-snippet:-1","max-image-preview":"max-image-preview:large","max-video-preview":"max-video-preview:-1"},"canonical":"https:\/\/dlshost.eu\/en\/uselfull-things\/","og_locale":"en_US","og_type":"article","og_title":"Uselfull things - DLS Hospitality Services","og_description":"N\u00fctzliche Dinge Rettungsdose im K\u00fchlschrank Ich liebte Google, Microsoft, AWS und &#8211; Tsch\u00fcss Guest Room","og_url":"https:\/\/dlshost.eu\/en\/uselfull-things\/","og_site_name":"DLS Hospitality Services","article_modified_time":"2025-09-14T15:52:08+00:00","twitter_card":"summary_large_image","twitter_misc":{"Est. reading time":"1 minute"},"schema":{"@context":"https:\/\/schema.org","@graph":[{"@type":"WebPage","@id":"https:\/\/dlshost.eu\/de\/uselfull-things\/","url":"https:\/\/dlshost.eu\/de\/uselfull-things\/","name":"Uselfull things - DLS Hospitality Services","isPartOf":{"@id":"https:\/\/dlshost.eu\/de\/#website"},"datePublished":"2024-08-22T18:52:40+00:00","dateModified":"2025-09-14T15:52:08+00:00","breadcrumb":{"@id":"https:\/\/dlshost.eu\/de\/uselfull-things\/#breadcrumb"},"inLanguage":"en-US","potentialAction":[{"@type":"ReadAction","target":["https:\/\/dlshost.eu\/de\/uselfull-things\/"]}]},{"@type":"BreadcrumbList","@id":"https:\/\/dlshost.eu\/de\/uselfull-things\/#breadcrumb","itemListElement":[{"@type":"ListItem","position":1,"name":"Home","item":"https:\/\/dlshost.eu\/"},{"@type":"ListItem","position":2,"name":"Uselfull things"}]},{"@type":"WebSite","@id":"https:\/\/dlshost.eu\/de\/#website","url":"https:\/\/dlshost.eu\/de\/","name":"DLS Hospitality Services","description":"Global Hospitality Consulting Services","publisher":{"@id":"https:\/\/dlshost.eu\/de\/#organization"},"potentialAction":[{"@type":"SearchAction","target":{"@type":"EntryPoint","urlTemplate":"https:\/\/dlshost.eu\/de\/?s={search_term_string}"},"query-input":{"@type":"PropertyValueSpecification","valueRequired":true,"valueName":"search_term_string"}}],"inLanguage":"en-US"},{"@type":"Organization","@id":"https:\/\/dlshost.eu\/de\/#organization","name":"DLS Hospitality Services","url":"https:\/\/dlshost.eu\/de\/","logo":{"@type":"ImageObject","inLanguage":"en-US","@id":"https:\/\/dlshost.eu\/de\/#\/schema\/logo\/image\/","url":"https:\/\/dlshost.eu\/wp-content\/uploads\/2023\/04\/motto.jpg","contentUrl":"https:\/\/dlshost.eu\/wp-content\/uploads\/2023\/04\/motto.jpg","width":640,"height":425,"caption":"DLS Hospitality Services"},"image":{"@id":"https:\/\/dlshost.eu\/de\/#\/schema\/logo\/image\/"}}]}},"ticketed":false,"_links":{"self":[{"href":"https:\/\/dlshost.eu\/en\/wp-json\/wp\/v2\/pages\/597","targetHints":{"allow":["GET"]}}],"collection":[{"href":"https:\/\/dlshost.eu\/en\/wp-json\/wp\/v2\/pages"}],"about":[{"href":"https:\/\/dlshost.eu\/en\/wp-json\/wp\/v2\/types\/page"}],"author":[{"embeddable":true,"href":"https:\/\/dlshost.eu\/en\/wp-json\/wp\/v2\/users\/3"}],"replies":[{"embeddable":true,"href":"https:\/\/dlshost.eu\/en\/wp-json\/wp\/v2\/comments?post=597"}],"version-history":[{"count":22,"href":"https:\/\/dlshost.eu\/en\/wp-json\/wp\/v2\/pages\/597\/revisions"}],"predecessor-version":[{"id":774,"href":"https:\/\/dlshost.eu\/en\/wp-json\/wp\/v2\/pages\/597\/revisions\/774"}],"wp:attachment":[{"href":"https:\/\/dlshost.eu\/en\/wp-json\/wp\/v2\/media?parent=597"}],"curies":[{"name":"wp","href":"https:\/\/api.w.org\/{rel}","templated":true}]}}